{"id":155,"date":"2014-09-11T16:45:52","date_gmt":"2014-09-11T16:45:52","guid":{"rendered":"http:\/\/simpleplan.com.br\/fadomes\/?page_id=155"},"modified":"2014-09-11T16:46:28","modified_gmt":"2014-09-11T16:46:28","slug":"cadastro","status":"publish","type":"page","link":"https:\/\/simpleplan.com.br\/fadomes\/cadastro\/","title":{"rendered":"Quero ser o pr\u00f3ximo!"},"content":{"rendered":"<p>Quer ser o nosso pr\u00f3ximo f\u00e3 do m\u00eas? Preencha os dados abaixo e caso voc\u00ea seja escolhido, iremos entrar em contato com voc\u00ea:<\/p>\n<blockquote><div class=\"frm_forms  with_frm_style frm_style_formidable-style\" id=\"frm_form_2_container\" >\n<form enctype=\"multipart\/form-data\" method=\"post\" class=\"frm-show-form \" id=\"form_x3z52f\" >\n<div class=\"frm_form_fields \">\n<fieldset>\n\r\n<div class=\"frm_fields_container\">\n<input type=\"hidden\" name=\"frm_action\" value=\"create\" \/>\n<input type=\"hidden\" name=\"form_id\" value=\"2\" \/>\n<input type=\"hidden\" name=\"frm_hide_fields_2\" id=\"frm_hide_fields_2\" value=\"\" \/>\n<input type=\"hidden\" name=\"form_key\" value=\"x3z52f\" \/>\n<input type=\"hidden\" name=\"item_meta[0]\" value=\"\" \/>\n<input type=\"hidden\" id=\"frm_submit_entry_2\" name=\"frm_submit_entry_2\" value=\"6cba8710b0\" \/><input type=\"hidden\" name=\"_wp_http_referer\" value=\"\/fadomes\/wp-json\/wp\/v2\/pages\/155\" \/><div id=\"frm_field_8_container\" class=\"frm_form_field form-field  frm_required_field frm_top_container\">\r\n    <label for=\"field_4py4gf\" class=\"frm_primary_label\">Nome:\r\n        <span class=\"frm_required\">*<\/span>\r\n    <\/label>\r\n    <input type=\"text\" id=\"field_4py4gf\" name=\"item_meta[8]\" value=\"\"  data-reqmsg=\"Este campo n\u00e3o pode ficar em branco.\" aria-required=\"true\" data-invmsg=\"Nome: \u00e9 inv\u00e1lido\" aria-invalid=\"false\"  \/>\r\n    \r\n    \r\n<\/div>\n<div id=\"frm_field_9_container\" class=\"frm_form_field form-field  frm_required_field frm_top_container\">\r\n    <label for=\"field_s95w2d\" class=\"frm_primary_label\">E-mail:\r\n        <span class=\"frm_required\">*<\/span>\r\n    <\/label>\r\n    <input type=\"text\" id=\"field_s95w2d\" name=\"item_meta[9]\" value=\"\"  data-reqmsg=\"@\" aria-required=\"true\" data-invmsg=\"E-mail: \u00e9 inv\u00e1lido\" aria-invalid=\"false\"  \/>\r\n    \r\n    \r\n<\/div>\n<div id=\"frm_field_10_container\" class=\"frm_form_field form-field  frm_top_container\">\r\n    <label for=\"field_yb8z53\" class=\"frm_primary_label\">Twitter:\r\n        <span class=\"frm_required\"><\/span>\r\n    <\/label>\r\n    <input type=\"text\" id=\"field_yb8z53\" name=\"item_meta[10]\" value=\"\"  data-invmsg=\"Twitter: \u00e9 inv\u00e1lido\" aria-invalid=\"false\"  \/>\r\n    \r\n    \r\n<\/div>\n<div id=\"frm_field_11_container\" class=\"frm_form_field form-field  frm_top_container\">\r\n    <label for=\"field_fhtclk\" class=\"frm_primary_label\">Facebook:\r\n        <span class=\"frm_required\"><\/span>\r\n    <\/label>\r\n    <input type=\"text\" id=\"field_fhtclk\" name=\"item_meta[11]\" value=\"\"  data-invmsg=\"Facebook: \u00e9 inv\u00e1lido\" aria-invalid=\"false\"  \/>\r\n    \r\n    \r\n<\/div>\n<div id=\"frm_field_12_container\" class=\"frm_form_field form-field  frm_required_field frm_top_container\">\r\n    <label for=\"field_4srww9\" class=\"frm_primary_label\">O Simple Plan salvou minha vida porque...\r\n        <span class=\"frm_required\">*<\/span>\r\n    <\/label>\r\n    <textarea name=\"item_meta[12]\" id=\"field_4srww9\" rows=\"5\"  data-reqmsg=\"Este campo n\u00e3o pode ficar em branco.\" aria-required=\"true\" data-invmsg=\"O Simple Plan salvou minha vida porque... \u00e9 inv\u00e1lido\" aria-invalid=\"false\"  ><\/textarea>\r\n    \r\n    \r\n<\/div>\n<div id=\"frm_field_13_container\" class=\"frm_form_field form-field  frm_required_field frm_top_container\">\r\n    <label for=\"field_zeabns\" class=\"frm_primary_label\">Por que voc\u00ea deveria ser o f\u00e3 do m\u00eas?\r\n        <span class=\"frm_required\">*<\/span>\r\n    <\/label>\r\n    <textarea name=\"item_meta[13]\" id=\"field_zeabns\" rows=\"5\"  data-reqmsg=\"Este campo n\u00e3o pode ficar em branco.\" aria-required=\"true\" data-invmsg=\"Por que voc\u00ea deveria ser o f\u00e3 do m\u00eas? \u00e9 inv\u00e1lido\" aria-invalid=\"false\"  ><\/textarea>\r\n    \r\n    \r\n<\/div>\n\t<input type=\"hidden\" name=\"item_key\" value=\"\" \/>\n\t\t\t\t<div class=\"frm__678af3b047eab\">\n\t\t\t\t<label for=\"frm_email_2\" >\n\t\t\t\t\tSe voc\u00ea \u00e9 humano, deixe este campo em branco.\t\t\t\t<\/label>\n\t\t\t\t<input  id=\"frm_email_2\" type=\"text\" class=\"frm_verify\" name=\"frm__678af3b047eab\" value=\"\" autocomplete=\"off\"  \/>\n\t\t\t<\/div>\n\t\t<div class=\"frm_submit\">\r\n\r\n<input type=\"submit\" value=\"Enviar!\"  \/>\r\n<img decoding=\"async\" class=\"frm_ajax_loading\" src=\"https:\/\/simpleplan.com.br\/fadomes\/wp-content\/plugins\/formidable\/images\/ajax_loader.gif\" alt=\"Enviando\" style=\"visibility:hidden;\" \/>\r\n\r\n<\/div><\/div>\n<\/fieldset>\n<\/div>\n\n<p style=\"display: none !important;\"><label>&#916;<textarea name=\"ak_hp_textarea\" cols=\"45\" rows=\"8\" maxlength=\"100\"><\/textarea><\/label><input type=\"hidden\" id=\"ak_js_1\" name=\"ak_js\" value=\"63\"\/><script>document.getElementById( \"ak_js_1\" ).setAttribute( \"value\", ( new Date() ).getTime() );<\/script><\/p><\/form>\n<\/div>\n<\/blockquote>\n","protected":false},"excerpt":{"rendered":"<p>Quer ser o nosso pr\u00f3ximo f\u00e3 do m\u00eas? Preencha os dados abaixo e caso voc\u00ea seja escolhido, iremos entrar em contato com voc\u00ea:<\/p>\n","protected":false},"author":1,"featured_media":0,"parent":0,"menu_order":0,"comment_status":"open","ping_status":"open","template":"","meta":{"footnotes":""},"class_list":["post-155","page","type-page","status-publish","hentry"],"_links":{"self":[{"href":"https:\/\/simpleplan.com.br\/fadomes\/wp-json\/wp\/v2\/pages\/155","targetHints":{"allow":["GET"]}}],"collection":[{"href":"https:\/\/simpleplan.com.br\/fadomes\/wp-json\/wp\/v2\/pages"}],"about":[{"href":"https:\/\/simpleplan.com.br\/fadomes\/wp-json\/wp\/v2\/types\/page"}],"author":[{"embeddable":true,"href":"https:\/\/simpleplan.com.br\/fadomes\/wp-json\/wp\/v2\/users\/1"}],"replies":[{"embeddable":true,"href":"https:\/\/simpleplan.com.br\/fadomes\/wp-json\/wp\/v2\/comments?post=155"}],"version-history":[{"count":1,"href":"https:\/\/simpleplan.com.br\/fadomes\/wp-json\/wp\/v2\/pages\/155\/revisions"}],"predecessor-version":[{"id":354,"href":"https:\/\/simpleplan.com.br\/fadomes\/wp-json\/wp\/v2\/pages\/155\/revisions\/354"}],"wp:attachment":[{"href":"https:\/\/simpleplan.com.br\/fadomes\/wp-json\/wp\/v2\/media?parent=155"}],"curies":[{"name":"wp","href":"https:\/\/api.w.org\/{rel}","templated":true}]}}